{"id":12,"date":"2012-11-27T13:27:58","date_gmt":"2012-11-27T13:27:58","guid":{"rendered":"http:\/\/www.best-aqua.com\/?page_id=12"},"modified":"2021-10-26T00:41:51","modified_gmt":"2021-10-26T00:41:51","slug":"garantias","status":"publish","type":"page","link":"https:\/\/www.best-aqua.com\/es\/garantias","title":{"rendered":"GARANT\u00cdA"},"content":{"rendered":"<p style=\"text-align: justify;\"><img fetchpriority=\"high\" decoding=\"async\" class=\"aligncenter wp-image-55\" title=\"garantia2\" src=\"\/wp-content\/uploads\/2012\/11\/garantia2.jpg\" alt=\"\" width=\"593\" height=\"93\" srcset=\"https:\/\/www.best-aqua.com\/wp-content\/uploads\/2012\/11\/garantia2.jpg 593w, https:\/\/www.best-aqua.com\/wp-content\/uploads\/2012\/11\/garantia2-300x47.jpg 300w, https:\/\/www.best-aqua.com\/wp-content\/uploads\/2012\/11\/garantia2-500x78.jpg 500w, https:\/\/www.best-aqua.com\/wp-content\/uploads\/2012\/11\/garantia2-148x23.jpg 148w, https:\/\/www.best-aqua.com\/wp-content\/uploads\/2012\/11\/garantia2-31x4.jpg 31w, https:\/\/www.best-aqua.com\/wp-content\/uploads\/2012\/11\/garantia2-38x5.jpg 38w, https:\/\/www.best-aqua.com\/wp-content\/uploads\/2012\/11\/garantia2-425x66.jpg 425w\" sizes=\"(max-width: 593px) 100vw, 593px\" \/><\/p>\n<p style=\"text-align: left;\"><strong>Estamos dispuestos a mejorar el precio de la competencia. S\u00f3lo necesita enviarnos\u00a0copia de la cotizaci\u00f3n que tenga y luego de verificarla le garantizamos un mejor precio.<\/strong><\/p>\n<p style=\"text-align: left;\">Garant\u00eda contra defectos de f\u00e1brica del fabricante\u00a0y var\u00eda de producto a producto, pero nunca ser\u00e1 menor a un a\u00f1o a partir de la\u00a0entrega de los equipos. El uso inadecuado de los mismos har\u00e1 que \u00e9sta se invalide.<\/p>\n<p style=\"text-align: left;\">Hay muchos productos similares en el mercado, pero s\u00f3lo Best-Aqua le ofrece la garant\u00eda de repuestos inmediata a la velocidad permitida por los servicios de correos disponibles en su pa\u00eds. No se deje llevar por proveedores que le venden equipos y luego desaparecen.<\/p>\n<p style=\"text-align: left;\">Nosotros le damos el mejor precio del mercado \u00a1y con garant\u00eda!<\/p>\n<p style=\"text-align: left;\">La calidad de nuestros equipos, si estos son instalados y operados\u00a0adecuadamente, le asegurar\u00e1 la tranquilidad que el agua que va a producir exceder\u00eda los altos est\u00e1ndares de calidad de la FDA (United States Food and Drug Administration) de los Estados Unidos.<\/p>\n<p>&nbsp;<\/p>","protected":false},"excerpt":{"rendered":"<p>Estamos dispuestos a mejorar el precio de la competencia. S\u00f3lo necesita enviarnos\u00a0copia de la cotizaci\u00f3n que tenga y luego de verificarla le garantizamos un mejor precio. Garant\u00eda contra defectos de f\u00e1brica del fabricante\u00a0y var\u00eda de producto a producto, pero nunca ser\u00e1 menor a un a\u00f1o a partir de la\u00a0entrega de los equipos. El uso inadecuado&#8230;<\/p>","protected":false},"author":1,"featured_media":0,"parent":0,"menu_order":4,"comment_status":"open","ping_status":"closed","template":"","meta":{"_kad_post_transparent":"","_kad_post_title":"","_kad_post_layout":"","_kad_post_sidebar_id":"","_kad_post_content_style":"","_kad_post_vertical_padding":"","_kad_post_feature":"","_kad_post_feature_position":"","_kad_post_header":false,"_kad_post_footer":false,"_kad_post_classname":"","footnotes":""},"class_list":["post-12","page","type-page","status-publish","hentry"],"yoast_head":"<!-- This site is optimized with the Yoast SEO plugin v26.6 - https:\/\/yoast.com\/wordpress\/plugins\/seo\/ -->\n<title>GARANT\u00cdA - BEST-AQUA, Equipos de Purificaci\u00f3n y tratamientos de agua,<\/title>\n<meta name=\"robots\" content=\"index, follow, max-snippet:-1, max-image-preview:large, max-video-preview:-1\" \/>\n<link rel=\"canonical\" href=\"https:\/\/www.best-aqua.com\/es\/garantias\/\" \/>\n<meta property=\"og:locale\" content=\"es_ES\" \/>\n<meta property=\"og:type\" content=\"article\" \/>\n<meta property=\"og:title\" content=\"GARANT\u00cdA - BEST-AQUA, Equipos de Purificaci\u00f3n y tratamientos de agua,\" \/>\n<meta property=\"og:description\" content=\"Estamos dispuestos a mejorar el precio de la competencia. S\u00f3lo necesita enviarnos\u00a0copia de la cotizaci\u00f3n que tenga y luego de verificarla le garantizamos un mejor precio. Garant\u00eda contra defectos de f\u00e1brica del fabricante\u00a0y var\u00eda de producto a producto, pero nunca ser\u00e1 menor a un a\u00f1o a partir de la\u00a0entrega de los equipos. El uso inadecuado...\" \/>\n<meta property=\"og:url\" content=\"https:\/\/www.best-aqua.com\/es\/garantias\/\" \/>\n<meta property=\"og:site_name\" content=\"BEST-AQUA, Equipos de Purificaci\u00f3n y tratamientos de agua,\" \/>\n<meta property=\"article:modified_time\" content=\"2021-10-26T00:41:51+00:00\" \/>\n<meta name=\"twitter:label1\" content=\"Tiempo de lectura\" \/>\n\t<meta name=\"twitter:data1\" content=\"1 minuto\" \/>\n<script type=\"application\/ld+json\" class=\"yoast-schema-graph\">{\"@context\":\"https:\/\/schema.org\",\"@graph\":[{\"@type\":\"WebPage\",\"@id\":\"https:\/\/www.best-aqua.com\/garantias\",\"url\":\"https:\/\/www.best-aqua.com\/garantias\",\"name\":\"GARANT\u00cdA - BEST-AQUA, Equipos de Purificaci\u00f3n y tratamientos de agua,\",\"isPartOf\":{\"@id\":\"https:\/\/www.best-aqua.com\/#website\"},\"datePublished\":\"2012-11-27T13:27:58+00:00\",\"dateModified\":\"2021-10-26T00:41:51+00:00\",\"breadcrumb\":{\"@id\":\"https:\/\/www.best-aqua.com\/garantias#breadcrumb\"},\"inLanguage\":\"es\",\"potentialAction\":[{\"@type\":\"ReadAction\",\"target\":[\"https:\/\/www.best-aqua.com\/garantias\"]}]},{\"@type\":\"BreadcrumbList\",\"@id\":\"https:\/\/www.best-aqua.com\/garantias#breadcrumb\",\"itemListElement\":[{\"@type\":\"ListItem\",\"position\":1,\"name\":\"Portada\",\"item\":\"https:\/\/www.best-aqua.com\/\"},{\"@type\":\"ListItem\",\"position\":2,\"name\":\"GARANT\u00cdA\"}]},{\"@type\":\"WebSite\",\"@id\":\"https:\/\/www.best-aqua.com\/#website\",\"url\":\"https:\/\/www.best-aqua.com\/\",\"name\":\"BEST-AQUA, Equipos de Purificaci\u00f3n y tratamientos de agua,\",\"description\":\"Ozonificadores Osmosis Inversa Equipos de lavado, llenado y sellado Membranas Ultravioleta Sterilight Equipos Usados Sistemas Completos\",\"publisher\":{\"@id\":\"https:\/\/www.best-aqua.com\/#organization\"},\"potentialAction\":[{\"@type\":\"SearchAction\",\"target\":{\"@type\":\"EntryPoint\",\"urlTemplate\":\"https:\/\/www.best-aqua.com\/?s={search_term_string}\"},\"query-input\":{\"@type\":\"PropertyValueSpecification\",\"valueRequired\":true,\"valueName\":\"search_term_string\"}}],\"inLanguage\":\"es\"},{\"@type\":\"Organization\",\"@id\":\"https:\/\/www.best-aqua.com\/#organization\",\"name\":\"BEST-AQUA, Equipos de Purificaci\u00f3n y tratamientos de agua,\",\"url\":\"https:\/\/www.best-aqua.com\/\",\"logo\":{\"@type\":\"ImageObject\",\"inLanguage\":\"es\",\"@id\":\"https:\/\/www.best-aqua.com\/#\/schema\/logo\/image\/\",\"url\":\"https:\/\/www.best-aqua.com\/wp-content\/uploads\/2021\/10\/cropped-LOGO-BEST-AQUA.png\",\"contentUrl\":\"https:\/\/www.best-aqua.com\/wp-content\/uploads\/2021\/10\/cropped-LOGO-BEST-AQUA.png\",\"width\":137,\"height\":80,\"caption\":\"BEST-AQUA, Equipos de Purificaci\u00f3n y tratamientos de agua,\"},\"image\":{\"@id\":\"https:\/\/www.best-aqua.com\/#\/schema\/logo\/image\/\"}}]}<\/script>\n<!-- \/ Yoast SEO plugin. -->","yoast_head_json":{"title":"GARANT\u00cdA - BEST-AQUA, Equipos de Purificaci\u00f3n y tratamientos de agua,","robots":{"index":"index","follow":"follow","max-snippet":"max-snippet:-1","max-image-preview":"max-image-preview:large","max-video-preview":"max-video-preview:-1"},"canonical":"https:\/\/www.best-aqua.com\/es\/garantias\/","og_locale":"es_ES","og_type":"article","og_title":"GARANT\u00cdA - BEST-AQUA, Equipos de Purificaci\u00f3n y tratamientos de agua,","og_description":"Estamos dispuestos a mejorar el precio de la competencia. S\u00f3lo necesita enviarnos\u00a0copia de la cotizaci\u00f3n que tenga y luego de verificarla le garantizamos un mejor precio. Garant\u00eda contra defectos de f\u00e1brica del fabricante\u00a0y var\u00eda de producto a producto, pero nunca ser\u00e1 menor a un a\u00f1o a partir de la\u00a0entrega de los equipos. El uso inadecuado...","og_url":"https:\/\/www.best-aqua.com\/es\/garantias\/","og_site_name":"BEST-AQUA, Equipos de Purificaci\u00f3n y tratamientos de agua,","article_modified_time":"2021-10-26T00:41:51+00:00","twitter_misc":{"Tiempo de lectura":"1 minuto"},"schema":{"@context":"https:\/\/schema.org","@graph":[{"@type":"WebPage","@id":"https:\/\/www.best-aqua.com\/garantias","url":"https:\/\/www.best-aqua.com\/garantias","name":"GARANT\u00cdA - BEST-AQUA, Equipos de Purificaci\u00f3n y tratamientos de agua,","isPartOf":{"@id":"https:\/\/www.best-aqua.com\/#website"},"datePublished":"2012-11-27T13:27:58+00:00","dateModified":"2021-10-26T00:41:51+00:00","breadcrumb":{"@id":"https:\/\/www.best-aqua.com\/garantias#breadcrumb"},"inLanguage":"es","potentialAction":[{"@type":"ReadAction","target":["https:\/\/www.best-aqua.com\/garantias"]}]},{"@type":"BreadcrumbList","@id":"https:\/\/www.best-aqua.com\/garantias#breadcrumb","itemListElement":[{"@type":"ListItem","position":1,"name":"Portada","item":"https:\/\/www.best-aqua.com\/"},{"@type":"ListItem","position":2,"name":"GARANT\u00cdA"}]},{"@type":"WebSite","@id":"https:\/\/www.best-aqua.com\/#website","url":"https:\/\/www.best-aqua.com\/","name":"BEST-AQUA, Equipos de Purificaci\u00f3n y tratamientos de agua,","description":"Ozonificadores Osmosis Inversa Equipos de lavado, llenado y sellado Membranas Ultravioleta Sterilight Equipos Usados Sistemas Completos","publisher":{"@id":"https:\/\/www.best-aqua.com\/#organization"},"potentialAction":[{"@type":"SearchAction","target":{"@type":"EntryPoint","urlTemplate":"https:\/\/www.best-aqua.com\/?s={search_term_string}"},"query-input":{"@type":"PropertyValueSpecification","valueRequired":true,"valueName":"search_term_string"}}],"inLanguage":"es"},{"@type":"Organization","@id":"https:\/\/www.best-aqua.com\/#organization","name":"BEST-AQUA, Equipos de Purificaci\u00f3n y tratamientos de agua,","url":"https:\/\/www.best-aqua.com\/","logo":{"@type":"ImageObject","inLanguage":"es","@id":"https:\/\/www.best-aqua.com\/#\/schema\/logo\/image\/","url":"https:\/\/www.best-aqua.com\/wp-content\/uploads\/2021\/10\/cropped-LOGO-BEST-AQUA.png","contentUrl":"https:\/\/www.best-aqua.com\/wp-content\/uploads\/2021\/10\/cropped-LOGO-BEST-AQUA.png","width":137,"height":80,"caption":"BEST-AQUA, Equipos de Purificaci\u00f3n y tratamientos de agua,"},"image":{"@id":"https:\/\/www.best-aqua.com\/#\/schema\/logo\/image\/"}}]}},"_links":{"self":[{"href":"https:\/\/www.best-aqua.com\/es\/wp-json\/wp\/v2\/pages\/12","targetHints":{"allow":["GET"]}}],"collection":[{"href":"https:\/\/www.best-aqua.com\/es\/wp-json\/wp\/v2\/pages"}],"about":[{"href":"https:\/\/www.best-aqua.com\/es\/wp-json\/wp\/v2\/types\/page"}],"author":[{"embeddable":true,"href":"https:\/\/www.best-aqua.com\/es\/wp-json\/wp\/v2\/users\/1"}],"replies":[{"embeddable":true,"href":"https:\/\/www.best-aqua.com\/es\/wp-json\/wp\/v2\/comments?post=12"}],"version-history":[{"count":11,"href":"https:\/\/www.best-aqua.com\/es\/wp-json\/wp\/v2\/pages\/12\/revisions"}],"predecessor-version":[{"id":960,"href":"https:\/\/www.best-aqua.com\/es\/wp-json\/wp\/v2\/pages\/12\/revisions\/960"}],"wp:attachment":[{"href":"https:\/\/www.best-aqua.com\/es\/wp-json\/wp\/v2\/media?parent=12"}],"curies":[{"name":"wp","href":"https:\/\/api.w.org\/{rel}","templated":true}]}}